{"id":8272,"date":"2023-11-03T17:05:54","date_gmt":"2023-11-03T16:05:54","guid":{"rendered":"https:\/\/www.crepes-a-gogo.fr\/?page_id=8272"},"modified":"2023-12-04T13:40:30","modified_gmt":"2023-12-04T12:40:30","slug":"actualites","status":"publish","type":"page","link":"https:\/\/www.crepes-a-gogo.fr\/en\/actualites\/","title":{"rendered":"News"},"content":{"rendered":"<div data-elementor-type=\"wp-page\" data-elementor-id=\"8272\" class=\"elementor elementor-8272\">\n\t\t\t\t\t\t\t\t\t<section class=\"has_eae_slider elementor-section elementor-top-section elementor-element elementor-element-e925992 pt-section-content-fullwidth pt_scroll_y_120 pt-parallax-on-scroll elementor-section-height-full elementor-section-boxed elementor-section-height-default elementor-section-items-middle\" data-id=\"e925992\" data-element_type=\"section\" data-settings=\"{&quot;background_background&quot;:&quot;classic&quot;}\" data-pt-parallax-y=\"120\" style=\"background-image: none;\" data-pt-background-image=\"https:\/\/www.crepes-a-gogo.fr\/wp-content\/uploads\/2023\/11\/banniere-page-actu-crepe-a-gogo.jpg\">\n\t\t\t\t\t\t\t<div class=\"elementor-background-overlay\"><\/div>\n\t\t\t\t\t\t\t<div class=\"elementor-container elementor-column-gap-no\">\n\t\t\t\t\t<div class=\"has_eae_slider elementor-column elementor-col-100 elementor-top-column elementor-element elementor-element-ce41032 dark-color\" data-id=\"ce41032\" data-element_type=\"column\">\n\t\t\t<div class=\"elementor-widget-wrap elementor-element-populated\">\n\t\t\t\t\t\t\t\t<div class=\"elementor-element elementor-element-ccc5af1 animated-slow elementor-widget elementor-widget-pt_title\" data-id=\"ccc5af1\" data-element_type=\"widget\" data-settings=\"{&quot;_animation&quot;:&quot;none&quot;,&quot;_animation_delay&quot;:300}\" data-widget_type=\"pt_title.default\">\n\t\t\t\t<div class=\"elementor-widget-container\">\n\t\t\t\n        <div class=\"pt-title-wrap text-center text-center-mobile text-center-tablet\">\t            <div class=\"pt-subtitle-wrap\"><span class=\"pt-subtitle style-bordered\">Right now<\/span><\/div>\t            <h1 class=\"pt-title\">\n\t                News from your cr\u00eaperie restaurant in Les 2 Alpes\t            <\/h1>\t            <div class=\"pt-title-text\">\n\t                <p>Find out all the latest news from your cr\u00eaperie restaurant &amp; tearoom in Les 2 Alpes.<\/p>\t            <\/div>        <\/div>\t\t<\/div>\n\t\t\t\t<\/div>\n\t\t\t\t\t<\/div>\n\t\t<\/div>\n\t\t\t\t\t\t\t<\/div>\n\t\t<\/section>\n\t\t<div class=\"has_eae_slider elementor-element elementor-element-d520762 e-flex e-con-boxed e-con e-parent\" data-id=\"d520762\" data-element_type=\"container\" data-settings=\"{&quot;content_width&quot;:&quot;boxed&quot;}\" data-core-v316-plus=\"true\">\n\t\t\t\t\t<div class=\"e-con-inner\">\n\t\t\t\t<div class=\"elementor-element elementor-element-94e63f3 elementor-widget elementor-widget-pt_blog\" data-id=\"94e63f3\" data-element_type=\"widget\" data-widget_type=\"pt_blog.default\">\n\t\t\t\t<div class=\"elementor-widget-container\">\n\t\t\t\t\t\t\t<div class=\"posts layout-masonry column-3\" data-settings='{\"query\":{\"paged\":1,\"posts_per_page\":6,\"ignore_sticky_posts\":true},\"settings\":{\"layout\":\"masonry\",\"columns\":\"3\",\"post_meta\":\"a:3:{i:0;s:7:\\\"excerpt\\\";i:1;s:13:\\\"read_more_btn\\\";i:2;s:8:\\\"category\\\";}\",\"page_layout\":\"\",\"pagination\":\"ajax-auto\",\"archive_page\":\"elementor\"}}'>\n\t\t\t\t\t\t\t\t\t<div class=\"posts-wrapper\">\n<div class=\"masonry-column\"><article class=\"post-9308 post type-post status-publish format-standard has-post-thumbnail hentry category-actu\" data-post-id=\"9308\">        <div class=\"featured-img\">            <a href=\"https:\/\/www.crepes-a-gogo.fr\/en\/les-fetes-arrivent-bientot\/\"><img decoding=\"async\" width=\"370\" height=\"247\" src=\"https:\/\/www.crepes-a-gogo.fr\/wp-content\/uploads\/2023\/11\/fetes-crepes-a-gogo-1-370x247.jpg\" class=\"attachment-patiotime_370x9999 size-patiotime_370x9999 wp-post-image image-layout-masonry-column-3\" alt=\"Passez No\u00ebl aux 2 Alpes \u00e0 la cr\u00eaperie Les Cr\u00eapes \u00e0 gogo\" srcset=\"https:\/\/www.crepes-a-gogo.fr\/wp-content\/uploads\/2023\/11\/fetes-crepes-a-gogo-1-370x247.jpg 370w, https:\/\/www.crepes-a-gogo.fr\/wp-content\/uploads\/2023\/11\/fetes-crepes-a-gogo-1-300x200.jpg 300w, https:\/\/www.crepes-a-gogo.fr\/wp-content\/uploads\/2023\/11\/fetes-crepes-a-gogo-1-1024x683.jpg 1024w, https:\/\/www.crepes-a-gogo.fr\/wp-content\/uploads\/2023\/11\/fetes-crepes-a-gogo-1-768x512.jpg 768w, https:\/\/www.crepes-a-gogo.fr\/wp-content\/uploads\/2023\/11\/fetes-crepes-a-gogo-1-1536x1024.jpg 1536w, https:\/\/www.crepes-a-gogo.fr\/wp-content\/uploads\/2023\/11\/fetes-crepes-a-gogo-1-18x12.jpg 18w, https:\/\/www.crepes-a-gogo.fr\/wp-content\/uploads\/2023\/11\/fetes-crepes-a-gogo-1-1440x960.jpg 1440w, https:\/\/www.crepes-a-gogo.fr\/wp-content\/uploads\/2023\/11\/fetes-crepes-a-gogo-1-1200x800.jpg 1200w, https:\/\/www.crepes-a-gogo.fr\/wp-content\/uploads\/2023\/11\/fetes-crepes-a-gogo-1-780x520.jpg 780w, https:\/\/www.crepes-a-gogo.fr\/wp-content\/uploads\/2023\/11\/fetes-crepes-a-gogo-1-600x400.jpg 600w, https:\/\/www.crepes-a-gogo.fr\/wp-content\/uploads\/2023\/11\/fetes-crepes-a-gogo-1-550x367.jpg 550w, https:\/\/www.crepes-a-gogo.fr\/wp-content\/uploads\/2023\/11\/fetes-crepes-a-gogo-1-255x170.jpg 255w, https:\/\/www.crepes-a-gogo.fr\/wp-content\/uploads\/2023\/11\/fetes-crepes-a-gogo-1.jpg 1920w\" sizes=\"(max-width: 1366px) 353px, 433px\" \/><\/a>\t\t<\/div>\n\t<div class=\"post-content\">\n\t\t<header class=\"post-header\">            <div class=\"meta-wrap\">\t\t\t<div class=\"cat-links\"><a href=\"https:\/\/www.crepes-a-gogo.fr\/en\/category\/actu\/\" rel=\"tag\">News<\/a><\/div>\t\t\t<\/div>    <h2 class=\"post-title\">\n        <a href=\"https:\/\/www.crepes-a-gogo.fr\/en\/les-fetes-arrivent-bientot\/\">The holidays are coming soon !<\/a>\n    <\/h2>\t\t<\/header>\t\t<div class=\"post-excerpt\"><p>Festive get-togethers take on their full meaning in a warm atmosphere. This festive season, get together with your loved ones in an exceptional setting that ...<\/p>\n<\/div>            <footer class=\"post-footer\">        <div class=\"more-btn\">\n            <a class=\"read-more-btn button pt-btn-underline\" href=\"https:\/\/www.crepes-a-gogo.fr\/en\/les-fetes-arrivent-bientot\/\"><span>Read more<\/span><\/a>\n        <\/div>            <\/footer>\t<\/div>\n<\/article>\n<\/div>\n<div class=\"masonry-column\"><article class=\"post-9305 post type-post status-publish format-standard has-post-thumbnail hentry category-actu\" data-post-id=\"9305\">        <div class=\"featured-img\">            <a href=\"https:\/\/www.crepes-a-gogo.fr\/en\/les-crepes-a-gogo-sont-recompenses-du-titre-de-maitre-restaurateur\/\"><img decoding=\"async\" width=\"370\" height=\"247\" src=\"https:\/\/www.crepes-a-gogo.fr\/wp-content\/uploads\/2023\/11\/maitre-restaurateur-actu-2-370x247.jpg\" class=\"attachment-patiotime_370x9999 size-patiotime_370x9999 wp-post-image image-layout-masonry-column-3\" alt=\"Ma\u00eetre Restaurateur\" srcset=\"https:\/\/www.crepes-a-gogo.fr\/wp-content\/uploads\/2023\/11\/maitre-restaurateur-actu-2-370x247.jpg 370w, https:\/\/www.crepes-a-gogo.fr\/wp-content\/uploads\/2023\/11\/maitre-restaurateur-actu-2-300x200.jpg 300w, https:\/\/www.crepes-a-gogo.fr\/wp-content\/uploads\/2023\/11\/maitre-restaurateur-actu-2-1024x683.jpg 1024w, https:\/\/www.crepes-a-gogo.fr\/wp-content\/uploads\/2023\/11\/maitre-restaurateur-actu-2-768x512.jpg 768w, https:\/\/www.crepes-a-gogo.fr\/wp-content\/uploads\/2023\/11\/maitre-restaurateur-actu-2-1536x1024.jpg 1536w, https:\/\/www.crepes-a-gogo.fr\/wp-content\/uploads\/2023\/11\/maitre-restaurateur-actu-2-18x12.jpg 18w, https:\/\/www.crepes-a-gogo.fr\/wp-content\/uploads\/2023\/11\/maitre-restaurateur-actu-2-1440x960.jpg 1440w, https:\/\/www.crepes-a-gogo.fr\/wp-content\/uploads\/2023\/11\/maitre-restaurateur-actu-2-1200x800.jpg 1200w, https:\/\/www.crepes-a-gogo.fr\/wp-content\/uploads\/2023\/11\/maitre-restaurateur-actu-2-780x520.jpg 780w, https:\/\/www.crepes-a-gogo.fr\/wp-content\/uploads\/2023\/11\/maitre-restaurateur-actu-2-600x400.jpg 600w, https:\/\/www.crepes-a-gogo.fr\/wp-content\/uploads\/2023\/11\/maitre-restaurateur-actu-2-550x367.jpg 550w, https:\/\/www.crepes-a-gogo.fr\/wp-content\/uploads\/2023\/11\/maitre-restaurateur-actu-2-255x170.jpg 255w, https:\/\/www.crepes-a-gogo.fr\/wp-content\/uploads\/2023\/11\/maitre-restaurateur-actu-2.jpg 1920w\" sizes=\"(max-width: 1366px) 353px, 433px\" \/><\/a>\t\t<\/div>\n\t<div class=\"post-content\">\n\t\t<header class=\"post-header\">            <div class=\"meta-wrap\">\t\t\t<div class=\"cat-links\"><a href=\"https:\/\/www.crepes-a-gogo.fr\/en\/category\/actu\/\" rel=\"tag\">News<\/a><\/div>\t\t\t<\/div>    <h2 class=\"post-title\">\n        <a href=\"https:\/\/www.crepes-a-gogo.fr\/en\/les-crepes-a-gogo-sont-recompenses-du-titre-de-maitre-restaurateur\/\">Cr\u00eapes \u00e0 Gogo awarded the title of Ma\u00eetre Restaurateur<\/a>\n    <\/h2>\t\t<\/header>\t\t<div class=\"post-excerpt\"><p>Welcome to the gourmet world of Cr\u00eapes \u00e0 Gogo, an establishment where the pleasures of the table are combined with authenticity and a warm atmosphere. We...<\/p>\n<\/div>            <footer class=\"post-footer\">        <div class=\"more-btn\">\n            <a class=\"read-more-btn button pt-btn-underline\" href=\"https:\/\/www.crepes-a-gogo.fr\/en\/les-crepes-a-gogo-sont-recompenses-du-titre-de-maitre-restaurateur\/\"><span>Read more<\/span><\/a>\n        <\/div>            <\/footer>\t<\/div>\n<\/article>\n<\/div>\n<div class=\"masonry-column\"><article class=\"post-9288 post type-post status-publish format-standard has-post-thumbnail hentry category-actu\" data-post-id=\"9288\">        <div class=\"featured-img\">            <a href=\"https:\/\/www.crepes-a-gogo.fr\/en\/les-crepes-a-gogo-vous-presentent-leur-nouveau-site\/\"><img decoding=\"async\" width=\"370\" height=\"247\" src=\"https:\/\/www.crepes-a-gogo.fr\/wp-content\/uploads\/2023\/11\/mockup-crepes-a-gogo-370x247.jpg\" class=\"attachment-patiotime_370x9999 size-patiotime_370x9999 wp-post-image image-layout-masonry-column-3\" alt=\"Nouveau site Les Cr\u00eapes \u00e0 Gogo\" srcset=\"https:\/\/www.crepes-a-gogo.fr\/wp-content\/uploads\/2023\/11\/mockup-crepes-a-gogo-370x247.jpg 370w, https:\/\/www.crepes-a-gogo.fr\/wp-content\/uploads\/2023\/11\/mockup-crepes-a-gogo-300x200.jpg 300w, https:\/\/www.crepes-a-gogo.fr\/wp-content\/uploads\/2023\/11\/mockup-crepes-a-gogo-1024x683.jpg 1024w, https:\/\/www.crepes-a-gogo.fr\/wp-content\/uploads\/2023\/11\/mockup-crepes-a-gogo-768x512.jpg 768w, https:\/\/www.crepes-a-gogo.fr\/wp-content\/uploads\/2023\/11\/mockup-crepes-a-gogo-1536x1024.jpg 1536w, https:\/\/www.crepes-a-gogo.fr\/wp-content\/uploads\/2023\/11\/mockup-crepes-a-gogo-18x12.jpg 18w, https:\/\/www.crepes-a-gogo.fr\/wp-content\/uploads\/2023\/11\/mockup-crepes-a-gogo-1440x960.jpg 1440w, https:\/\/www.crepes-a-gogo.fr\/wp-content\/uploads\/2023\/11\/mockup-crepes-a-gogo-1200x800.jpg 1200w, https:\/\/www.crepes-a-gogo.fr\/wp-content\/uploads\/2023\/11\/mockup-crepes-a-gogo-780x520.jpg 780w, https:\/\/www.crepes-a-gogo.fr\/wp-content\/uploads\/2023\/11\/mockup-crepes-a-gogo-600x400.jpg 600w, https:\/\/www.crepes-a-gogo.fr\/wp-content\/uploads\/2023\/11\/mockup-crepes-a-gogo-550x367.jpg 550w, https:\/\/www.crepes-a-gogo.fr\/wp-content\/uploads\/2023\/11\/mockup-crepes-a-gogo-255x170.jpg 255w, https:\/\/www.crepes-a-gogo.fr\/wp-content\/uploads\/2023\/11\/mockup-crepes-a-gogo.jpg 1920w\" sizes=\"(max-width: 1366px) 353px, 433px\" \/><\/a>\t\t<\/div>\n\t<div class=\"post-content\">\n\t\t<header class=\"post-header\">            <div class=\"meta-wrap\">\t\t\t<div class=\"cat-links\"><a href=\"https:\/\/www.crepes-a-gogo.fr\/en\/category\/actu\/\" rel=\"tag\">News<\/a><\/div>\t\t\t<\/div>    <h2 class=\"post-title\">\n        <a href=\"https:\/\/www.crepes-a-gogo.fr\/en\/les-crepes-a-gogo-vous-presentent-leur-nouveau-site\/\">Les Cr\u00eapes \u00e0 Gogo present their new website !<\/a>\n    <\/h2>\t\t<\/header>\t\t<div class=\"post-excerpt\"><p>Immerse yourself in the ultimate gourmet experience with the all-new Cr\u00eapes \u00e0 Gogo website. It's with great excitement that we ...<\/p>\n<\/div>            <footer class=\"post-footer\">        <div class=\"more-btn\">\n            <a class=\"read-more-btn button pt-btn-underline\" href=\"https:\/\/www.crepes-a-gogo.fr\/en\/les-crepes-a-gogo-vous-presentent-leur-nouveau-site\/\"><span>Read more<\/span><\/a>\n        <\/div>            <\/footer>\t<\/div>\n<\/article>\n<\/div>\t\t\t\t<\/div>\t\t\t\t<\/div>\t\t<\/div>\n\t\t\t\t<\/div>\n\t\t\t\t\t<\/div>\n\t\t\t\t<\/div>\n\t\t\t\t\t\t\t<\/div>","protected":false},"excerpt":{"rendered":"<p>En ce moment Actualit\u00e9s de votre cr\u00eaperie Restaurant aux 2 Alpes D\u00e9couvrez toute l&rsquo;actualit\u00e9 du moment de votre cr\u00eaperie restaurant &amp; salon de th\u00e9 aux 2 Alpes. Actu Les f\u00eates arrivent bient\u00f4t ! Les retrouvailles festives prennent tout leur sens dans une atmosph\u00e8re chaleureuse. En cette p\u00e9riode de f\u00eates, r\u00e9unissez-vous avec vos proches dans un &#8230;<\/p>","protected":false},"author":1,"featured_media":0,"parent":0,"menu_order":0,"comment_status":"closed","ping_status":"closed","template":"template-wide-content.php","meta":{"patiotime_single_page_hide_site_header":"","patiotime_single_page_site_header_source":"","patiotime_single_page_custom_site_header":"0","patiotime_single_page_custom_sticky_site_header":"0","patiotime_single_page_hide_page_title":"on","patiotime_single_page_header_section_size":"","patiotime_single_page_header_background_color":"","patiotime_single_page_header_background_position_x":"center","patiotime_single_page_header_background_position_y":"center","patiotime_single_page_header_background_size":"cover","patiotime_single_page_header_background_repeat":"off","patiotime_single_page_header_background_scroll":"on","patiotime_single_page_header_text_color":"","patiotime_single_page_header_show_breadcrumb":"hide","patiotime_single_page_site_footer_hide_main":"","patiotime_single_custom_site_footer_main_source":"","patiotime_single_custom_site_footer_main":"0","patiotime_single_page_site_footer_hide_above":"","patiotime_single_custom_site_footer_above_source":"","patiotime_single_custom_site_footer_above":"0","patiotime_single_page_site_footer_hide_instagram":"","patiotime_single_page_site_footer_hide_bottom":"","patiotime_single_custom_mobile_menu_source":"","patiotime_single_custom_mobile_menu":"0","patiotime_single_custom_mobile_menu_animation":"","patiotime_single_custom_mobile_menu_width":"","patiotime_single_custom_mobile_menu_custom_width":375,"footnotes":""},"class_list":["post-8272","page","type-page","status-publish","hentry"],"yoast_head":"<!-- This site is optimized with the Yoast SEO plugin v21.6 - https:\/\/yoast.com\/wordpress\/plugins\/seo\/ -->\n<title>L&#039;actu de votre cr\u00eaperie aux 2 Alpes - Cr\u00eape \u00e0 gogo<\/title>\n<meta name=\"description\" content=\"Toutes l&#039;actualit\u00e9s brulante votre restaurant aux 2 Alpes, cr\u00eapes \u00e0 gogo. Au programme, gourmandise et article de presse !\" \/>\n<meta name=\"robots\" content=\"index, follow, max-snippet:-1, max-image-preview:large, max-video-preview:-1\" \/>\n<link rel=\"canonical\" href=\"https:\/\/www.crepes-a-gogo.fr\/en\/actualites\/\" \/>\n<meta property=\"og:locale\" content=\"en_US\" \/>\n<meta property=\"og:type\" content=\"article\" \/>\n<meta property=\"og:title\" content=\"L&#039;actu de votre cr\u00eaperie aux 2 Alpes - Cr\u00eape \u00e0 gogo\" \/>\n<meta property=\"og:description\" content=\"Toutes l&#039;actualit\u00e9s brulante votre restaurant aux 2 Alpes, cr\u00eapes \u00e0 gogo. Au programme, gourmandise et article de presse !\" \/>\n<meta property=\"og:url\" content=\"https:\/\/www.crepes-a-gogo.fr\/en\/actualites\/\" \/>\n<meta property=\"og:site_name\" content=\"Les cr\u00eapes \u00e0 gogo\" \/>\n<meta property=\"article:modified_time\" content=\"2023-12-04T12:40:30+00:00\" \/>\n<meta property=\"og:image\" content=\"https:\/\/www.crepes-a-gogo.fr\/wp-content\/uploads\/2023\/11\/fetes-crepes-a-gogo-1-370x247.jpg\" \/>\n<meta name=\"twitter:card\" content=\"summary_large_image\" \/>\n<meta name=\"twitter:label1\" content=\"Est. reading time\" \/>\n\t<meta name=\"twitter:data1\" content=\"2 minutes\" \/>\n<script type=\"application\/ld+json\" class=\"yoast-schema-graph\">{\"@context\":\"https:\/\/schema.org\",\"@graph\":[{\"@type\":\"WebPage\",\"@id\":\"https:\/\/www.crepes-a-gogo.fr\/actualites\/\",\"url\":\"https:\/\/www.crepes-a-gogo.fr\/actualites\/\",\"name\":\"L'actu de votre cr\u00eaperie aux 2 Alpes - Cr\u00eape \u00e0 gogo\",\"isPartOf\":{\"@id\":\"https:\/\/www.crepes-a-gogo.fr\/#website\"},\"datePublished\":\"2023-11-03T16:05:54+00:00\",\"dateModified\":\"2023-12-04T12:40:30+00:00\",\"description\":\"Toutes l'actualit\u00e9s brulante votre restaurant aux 2 Alpes, cr\u00eapes \u00e0 gogo. Au programme, gourmandise et article de presse !\",\"breadcrumb\":{\"@id\":\"https:\/\/www.crepes-a-gogo.fr\/actualites\/#breadcrumb\"},\"inLanguage\":\"en-US\",\"potentialAction\":[{\"@type\":\"ReadAction\",\"target\":[\"https:\/\/www.crepes-a-gogo.fr\/actualites\/\"]}]},{\"@type\":\"BreadcrumbList\",\"@id\":\"https:\/\/www.crepes-a-gogo.fr\/actualites\/#breadcrumb\",\"itemListElement\":[{\"@type\":\"ListItem\",\"position\":1,\"name\":\"Accueil\",\"item\":\"https:\/\/www.crepes-a-gogo.fr\/\"},{\"@type\":\"ListItem\",\"position\":2,\"name\":\"Actualit\u00e9s\"}]},{\"@type\":\"WebSite\",\"@id\":\"https:\/\/www.crepes-a-gogo.fr\/#website\",\"url\":\"https:\/\/www.crepes-a-gogo.fr\/\",\"name\":\"Les cr\u00eapes \u00e0 gogo\",\"description\":\"Cr\u00eaperie Aux 2 Alpes\",\"publisher\":{\"@id\":\"https:\/\/www.crepes-a-gogo.fr\/#organization\"},\"potentialAction\":[{\"@type\":\"SearchAction\",\"target\":{\"@type\":\"EntryPoint\",\"urlTemplate\":\"https:\/\/www.crepes-a-gogo.fr\/?s={search_term_string}\"},\"query-input\":\"required name=search_term_string\"}],\"inLanguage\":\"en-US\"},{\"@type\":\"Organization\",\"@id\":\"https:\/\/www.crepes-a-gogo.fr\/#organization\",\"name\":\"Les cr\u00eapes \u00e0 gogo\",\"url\":\"https:\/\/www.crepes-a-gogo.fr\/\",\"logo\":{\"@type\":\"ImageObject\",\"inLanguage\":\"en-US\",\"@id\":\"https:\/\/www.crepes-a-gogo.fr\/#\/schema\/logo\/image\/\",\"url\":\"https:\/\/www.crepes-a-gogo.fr\/wp-content\/uploads\/2023\/09\/logo-crepes-a-gogo-white.png\",\"contentUrl\":\"https:\/\/www.crepes-a-gogo.fr\/wp-content\/uploads\/2023\/09\/logo-crepes-a-gogo-white.png\",\"width\":300,\"height\":166,\"caption\":\"Les cr\u00eapes \u00e0 gogo\"},\"image\":{\"@id\":\"https:\/\/www.crepes-a-gogo.fr\/#\/schema\/logo\/image\/\"}}]}<\/script>\n<!-- \/ Yoast SEO plugin. -->","yoast_head_json":{"title":"L'actu de votre cr\u00eaperie aux 2 Alpes - Cr\u00eape \u00e0 gogo","description":"Toutes l'actualit\u00e9s brulante votre restaurant aux 2 Alpes, cr\u00eapes \u00e0 gogo. Au programme, gourmandise et article de presse !","robots":{"index":"index","follow":"follow","max-snippet":"max-snippet:-1","max-image-preview":"max-image-preview:large","max-video-preview":"max-video-preview:-1"},"canonical":"https:\/\/www.crepes-a-gogo.fr\/en\/actualites\/","og_locale":"en_US","og_type":"article","og_title":"L'actu de votre cr\u00eaperie aux 2 Alpes - Cr\u00eape \u00e0 gogo","og_description":"Toutes l'actualit\u00e9s brulante votre restaurant aux 2 Alpes, cr\u00eapes \u00e0 gogo. Au programme, gourmandise et article de presse !","og_url":"https:\/\/www.crepes-a-gogo.fr\/en\/actualites\/","og_site_name":"Les cr\u00eapes \u00e0 gogo","article_modified_time":"2023-12-04T12:40:30+00:00","og_image":[{"url":"https:\/\/www.crepes-a-gogo.fr\/wp-content\/uploads\/2023\/11\/fetes-crepes-a-gogo-1-370x247.jpg"}],"twitter_card":"summary_large_image","twitter_misc":{"Est. reading time":"2 minutes"},"schema":{"@context":"https:\/\/schema.org","@graph":[{"@type":"WebPage","@id":"https:\/\/www.crepes-a-gogo.fr\/actualites\/","url":"https:\/\/www.crepes-a-gogo.fr\/actualites\/","name":"L'actu de votre cr\u00eaperie aux 2 Alpes - Cr\u00eape \u00e0 gogo","isPartOf":{"@id":"https:\/\/www.crepes-a-gogo.fr\/#website"},"datePublished":"2023-11-03T16:05:54+00:00","dateModified":"2023-12-04T12:40:30+00:00","description":"Toutes l'actualit\u00e9s brulante votre restaurant aux 2 Alpes, cr\u00eapes \u00e0 gogo. Au programme, gourmandise et article de presse !","breadcrumb":{"@id":"https:\/\/www.crepes-a-gogo.fr\/actualites\/#breadcrumb"},"inLanguage":"en-US","potentialAction":[{"@type":"ReadAction","target":["https:\/\/www.crepes-a-gogo.fr\/actualites\/"]}]},{"@type":"BreadcrumbList","@id":"https:\/\/www.crepes-a-gogo.fr\/actualites\/#breadcrumb","itemListElement":[{"@type":"ListItem","position":1,"name":"Accueil","item":"https:\/\/www.crepes-a-gogo.fr\/"},{"@type":"ListItem","position":2,"name":"Actualit\u00e9s"}]},{"@type":"WebSite","@id":"https:\/\/www.crepes-a-gogo.fr\/#website","url":"https:\/\/www.crepes-a-gogo.fr\/","name":"Les cr\u00eapes \u00e0 gogo","description":"Cr\u00eaperie Aux 2 Alpes","publisher":{"@id":"https:\/\/www.crepes-a-gogo.fr\/#organization"},"potentialAction":[{"@type":"SearchAction","target":{"@type":"EntryPoint","urlTemplate":"https:\/\/www.crepes-a-gogo.fr\/?s={search_term_string}"},"query-input":"required name=search_term_string"}],"inLanguage":"en-US"},{"@type":"Organization","@id":"https:\/\/www.crepes-a-gogo.fr\/#organization","name":"Les cr\u00eapes \u00e0 gogo","url":"https:\/\/www.crepes-a-gogo.fr\/","logo":{"@type":"ImageObject","inLanguage":"en-US","@id":"https:\/\/www.crepes-a-gogo.fr\/#\/schema\/logo\/image\/","url":"https:\/\/www.crepes-a-gogo.fr\/wp-content\/uploads\/2023\/09\/logo-crepes-a-gogo-white.png","contentUrl":"https:\/\/www.crepes-a-gogo.fr\/wp-content\/uploads\/2023\/09\/logo-crepes-a-gogo-white.png","width":300,"height":166,"caption":"Les cr\u00eapes \u00e0 gogo"},"image":{"@id":"https:\/\/www.crepes-a-gogo.fr\/#\/schema\/logo\/image\/"}}]}},"_links":{"self":[{"href":"https:\/\/www.crepes-a-gogo.fr\/en\/wp-json\/wp\/v2\/pages\/8272","targetHints":{"allow":["GET"]}}],"collection":[{"href":"https:\/\/www.crepes-a-gogo.fr\/en\/wp-json\/wp\/v2\/pages"}],"about":[{"href":"https:\/\/www.crepes-a-gogo.fr\/en\/wp-json\/wp\/v2\/types\/page"}],"author":[{"embeddable":true,"href":"https:\/\/www.crepes-a-gogo.fr\/en\/wp-json\/wp\/v2\/users\/1"}],"replies":[{"embeddable":true,"href":"https:\/\/www.crepes-a-gogo.fr\/en\/wp-json\/wp\/v2\/comments?post=8272"}],"version-history":[{"count":59,"href":"https:\/\/www.crepes-a-gogo.fr\/en\/wp-json\/wp\/v2\/pages\/8272\/revisions"}],"predecessor-version":[{"id":9888,"href":"https:\/\/www.crepes-a-gogo.fr\/en\/wp-json\/wp\/v2\/pages\/8272\/revisions\/9888"}],"wp:attachment":[{"href":"https:\/\/www.crepes-a-gogo.fr\/en\/wp-json\/wp\/v2\/media?parent=8272"}],"curies":[{"name":"wp","href":"https:\/\/api.w.org\/{rel}","templated":true}]}}