{"id":6465,"date":"2023-09-25T09:26:56","date_gmt":"2023-09-25T07:26:56","guid":{"rendered":"https:\/\/www.crepes-a-gogo.fr\/?page_id=6465"},"modified":"2023-11-21T18:20:35","modified_gmt":"2023-11-21T17:20:35","slug":"mentions-legales","status":"publish","type":"page","link":"https:\/\/www.crepes-a-gogo.fr\/en\/mentions-legales\/","title":{"rendered":"Mentions L\u00e9gales"},"content":{"rendered":"<div data-elementor-type=\"wp-page\" data-elementor-id=\"6465\" class=\"elementor elementor-6465\">\n\t\t\t\t\t\t\t<div class=\"has_eae_slider elementor-element elementor-element-073fbf5 e-flex e-con-boxed e-con e-parent\" data-id=\"073fbf5\" data-element_type=\"container\" data-settings=\"{&quot;content_width&quot;:&quot;boxed&quot;}\" data-core-v316-plus=\"true\">\n\t\t\t\t\t<div class=\"e-con-inner\">\n\t\t\t\t<div class=\"elementor-element elementor-element-c39f81c elementor-widget elementor-widget-pt_title\" data-id=\"c39f81c\" data-element_type=\"widget\" data-widget_type=\"pt_title.default\">\n\t\t\t\t<div class=\"elementor-widget-container\">\n\t\t\t\n        <div class=\"pt-title-wrap text-center\">\t            <h1 class=\"pt-title\">\n\t                Mentions L\u00e9gales\t            <\/h1>        <\/div>\t\t<\/div>\n\t\t\t\t<\/div>\n\t\t\t\t\t<\/div>\n\t\t\t\t<\/div>\n\t\t<div class=\"has_eae_slider elementor-element elementor-element-f322a7f e-flex e-con-boxed e-con e-parent\" data-id=\"f322a7f\" data-element_type=\"container\" data-settings=\"{&quot;content_width&quot;:&quot;boxed&quot;}\" data-core-v316-plus=\"true\">\n\t\t\t\t\t<div class=\"e-con-inner\">\n\t\t\t\t<div class=\"elementor-element elementor-element-2d542c6 elementor-widget elementor-widget-text-editor\" data-id=\"2d542c6\" data-element_type=\"widget\" data-widget_type=\"text-editor.default\">\n\t\t\t\t<div class=\"elementor-widget-container\">\n\t\t\t<style>\/*! elementor - v3.17.0 - 08-11-2023 *\/\n.elementor-widget-text-editor.elementor-drop-cap-view-stacked .elementor-drop-cap{background-color:#69727d;color:#fff}.elementor-widget-text-editor.elementor-drop-cap-view-framed .elementor-drop-cap{color:#69727d;border:3px solid;background-color:transparent}.elementor-widget-text-editor:not(.elementor-drop-cap-view-default) .elementor-drop-cap{margin-top:8px}.elementor-widget-text-editor:not(.elementor-drop-cap-view-default) .elementor-drop-cap-letter{width:1em;height:1em}.elementor-widget-text-editor .elementor-drop-cap{float:left;text-align:center;line-height:1;font-size:50px}.elementor-widget-text-editor .elementor-drop-cap-letter{display:inline-block}<\/style>\t\t\t\t<h2><strong>1. Pr\u00e9sentation du site<\/strong><\/h2><p><strong>SA &#8211; Les cr\u00eapes \u00e0 Gogo<\/strong><br \/><b>SIRET<\/b> : 91303047400013<br \/><b>SIREN<\/b> : 913030474<br \/><b>RCS<\/b> : <span style=\"font-weight: 400;\">Grenobl<\/span><span style=\"font-weight: 400;\">e B 913 030 474<\/span><\/p><p><b>Adresse<\/b> : 118, avenue de la Muzelle\u00a0 &#8211; 38860 LES DEUX-ALPES<br \/><b>T\u00e9l.<\/b> : +33 (0)4 76 79 29 61<br \/><b>Mail<\/b> : <a href=\"mailto:contact@crepes-a-gogo.fr\">contact@crepes-a-gogo.fr<\/a><\/p><p><b>Responsable publication<\/b> : M Ugo MOUNIER<br \/>Le responsable publication est une personne physique ou une personne morale.<\/p><p><b>Cr\u00e9ation<\/b> : ASB DIGITAL<br \/><b>Webmaster<\/b> : ASB DIGITAL \u2013 contact@asb-digital.fr<br \/><b>H\u00e9bergeur<\/b> : OVH SAS \u2013 2 rue Kellermann 59100 Roubaix, France<\/p><p><b>Cr\u00e9dits<\/b> : \u00a9 nicoschlosser<\/p><h2>2. Conditions g\u00e9n\u00e9rales d&rsquo;utilisation du site et des services propos\u00e9s<\/h2><p>L&rsquo;utilisation du site <a href=\"https:\/\/www.crepes-a-gogo.fr\/en\/\">https:\/\/www.crepes-a-gogo.fr <\/a>implique l&rsquo;acceptation pleine et enti\u00e8re des conditions g\u00e9n\u00e9rales d&rsquo;utilisation ci-apr\u00e8s d\u00e9crites qui sont susceptibles d&rsquo;\u00eatre modifi\u00e9es ou compl\u00e9t\u00e9es \u00e0 tout moment, les utilisateurs sont donc invit\u00e9s \u00e0 les consulter de mani\u00e8re r\u00e9guli\u00e8re. De la m\u00eame fa\u00e7on, les contenus de ce site sont mis \u00e0 jour r\u00e9guli\u00e8rement par le responsable de publication.<\/p><h2>3. Description des services fournis<\/h2><p>Ce site internet a pour objet de fournir une information concernant l&rsquo;ensemble des activit\u00e9s de la soci\u00e9t\u00e9. Le responsable de publication s&rsquo;efforce de fournir sur le site internet, des informations aussi pr\u00e9cises que possible. Toutefois, il ne pourra \u00eatre tenu responsable des omissions, des inexactitudes et des carences dans la mise \u00e0 jour, qu&rsquo;elles soient de son fait ou du fait des tiers partenaires qui lui fournissent ces informations.<\/p><p>Toutes les informations indiqu\u00e9es sur ce site internet sont donn\u00e9es \u00e0 titre indicatif, et sont susceptibles d&rsquo;\u00e9voluer. Par ailleurs, les renseignements y figurant ne sont pas exhaustifs. Ils sont donn\u00e9s sous r\u00e9serve de modifications ayant \u00e9t\u00e9 apport\u00e9es depuis leur mise en ligne.<\/p><h2>4. Limitations contractuelles sur les donn\u00e9es techniques<\/h2><p>Ce site internet utilise la technologie WordPress.<\/p><p>Ce site internet ne pourra \u00eatre tenu responsable de dommages mat\u00e9riels li\u00e9s \u00e0 l&rsquo;utilisation du site. De plus, l&rsquo;utilisateur du site s&rsquo;engage \u00e0 acc\u00e9der au site en utilisant un mat\u00e9riel r\u00e9cent, ne contenant pas de virus et avec un navigateur de derni\u00e8re g\u00e9n\u00e9ration mis-\u00e0-jour.<\/p><h2>5. Propri\u00e9t\u00e9 intellectuelle et contrefa\u00e7ons<\/h2><p>Le responsable de publication est propri\u00e9taire des droits de propri\u00e9t\u00e9s intellectuelles ou d\u00e9tient les droits d&rsquo;usage sur tous les \u00e9l\u00e9ments accessibles sur le site (textes, images, vid\u00e9os\u2026 Toute reproduction, repr\u00e9sentation, modification, publication, adaptation de tout ou partie des \u00e9l\u00e9ments du site, est interdite, sauf autorisation \u00e9crite pr\u00e9alable du responsable de publication.<\/p><h2>7. Gestion des donn\u00e9es personnelles<\/h2><p>A l&rsquo;occasion de l&rsquo;utilisation de ce site internet, peuvent \u00eatres recueillies : l&rsquo;URL des liens par l&rsquo;interm\u00e9diaire desquels l&rsquo;utilisateur a acc\u00e9d\u00e9 au site, l&rsquo;adresse de protocole Internet (IP) de l&rsquo;utilisateur. En tout \u00e9tat de cause, le responsable de publication ne collecte des informations personnelles relatives \u00e0 l&rsquo;utilisateur que pour le besoin de certains services propos\u00e9s par le site comme un formulaire de contact ou un espace compte ou encore des outils de statistiques du site. Aucune information personnelle de l&rsquo;utilisateur du site n&rsquo;est publi\u00e9e \u00e0 l&rsquo;insu de l&rsquo;utilisateur, \u00e9chang\u00e9e, transf\u00e9r\u00e9e, c\u00e9d\u00e9e ou vendue sur un support quelconque \u00e0 des tiers.<\/p><p>Conform\u00e9ment aux articles 38 et suivants de la loi 78-17 du 6 janvier 1978 relative \u00e0 l&rsquo;informatique, aux fichiers et aux libert\u00e9s, tout utilisateur dispose d&rsquo;un droit d&rsquo;acc\u00e8s, de rectification et d&rsquo;opposition aux donn\u00e9es personnelles le concernant, en effectuant sa demande \u00e9crite et sign\u00e9e, accompagn\u00e9e d&rsquo;une copie du titre d&rsquo;identit\u00e9 avec signature du titulaire de la pi\u00e8ce, par courrier postal indiqu\u00e9 ci-dessus ou directement par email \u00e0 contact@crepes-a-gogo.fr.<\/p><p>Lire la page <a href=\"https:\/\/www.crepes-a-gogo.fr\/en\/politique-de-cookies-ue\/\">Privacy<\/a><\/p><h2>8. Liens hypertextes et cookies<\/h2><p>Ce site internet peut contenir des liens hypertextes vers d&rsquo;autres sites, mis en place avec l&rsquo;autorisation du responsable de publication. Cependant, il n&rsquo;a pas la possibilit\u00e9 de v\u00e9rifier le contenu des sites ainsi visit\u00e9s, et n&rsquo;assumera en cons\u00e9quence aucune responsabilit\u00e9 de ce fait.<\/p><p>La navigation sur le site est susceptible de provoquer l&rsquo;installation de cookie(s) sur l&rsquo;ordinateur de l&rsquo;utilisateur. Un cookie est un fichier de petite taille, qui ne permet pas l&rsquo;identification de l&rsquo;utilisateur, mais qui enregistre des informations relatives \u00e0 la navigation d&rsquo;un ordinateur sur un site. Les donn\u00e9es ainsi obtenues visent \u00e0 faciliter la navigation ult\u00e9rieure sur le site, et ont \u00e9galement vocation \u00e0 permettre diverses mesures de fr\u00e9quentation.<\/p><p>Le refus d&rsquo;installation d&rsquo;un cookie peut entra\u00eener l&rsquo;impossibilit\u00e9 d&rsquo;acc\u00e9der \u00e0 certains services. L&rsquo;utilisateur peut toutefois configurer son ordinateur de la mani\u00e8re suivante, pour refuser l&rsquo;installation des cookies, vous pouvez g\u00e9rer vos pr\u00e9f\u00e9rences via le bandeau de cookie propos\u00e9 au d\u00e9but de la navigation du site ou modifier ce param\u00e8tre directement via la configuration de votre navigateur. (cf. pour Chrome, Firefox, Safari\u2026).<\/p>\t\t\t\t\t\t<\/div>\n\t\t\t\t<\/div>\n\t\t\t\t\t<\/div>\n\t\t\t\t<\/div>\n\t\t\t\t\t\t\t<\/div>","protected":false},"excerpt":{"rendered":"<p>Mentions L\u00e9gales 1. Pr\u00e9sentation du site SA &#8211; Les cr\u00eapes \u00e0 GogoSIRET : 91303047400013SIREN : 913030474RCS : Grenoble B 913 030 474 Adresse : 118, avenue de la Muzelle\u00a0 &#8211; 38860 LES DEUX-ALPEST\u00e9l. : +33 (0)4 76 79 29 61Mail : contact@crepes-a-gogo.fr Responsable publication : M Ugo MOUNIERLe responsable publication est une personne physique ou &#8230;<\/p>","protected":false},"author":1,"featured_media":0,"parent":0,"menu_order":0,"comment_status":"closed","ping_status":"closed","template":"template-wide-content.php","meta":{"patiotime_single_page_hide_site_header":"","patiotime_single_page_site_header_source":"","patiotime_single_page_custom_site_header":"0","patiotime_single_page_custom_sticky_site_header":"0","patiotime_single_page_hide_page_title":"","patiotime_single_page_header_section_size":"","patiotime_single_page_header_background_color":"","patiotime_single_page_header_background_position_x":"center","patiotime_single_page_header_background_position_y":"center","patiotime_single_page_header_background_size":"cover","patiotime_single_page_header_background_repeat":"off","patiotime_single_page_header_background_scroll":"on","patiotime_single_page_header_text_color":"","patiotime_single_page_header_show_breadcrumb":"","patiotime_single_page_site_footer_hide_main":"","patiotime_single_custom_site_footer_main_source":"","patiotime_single_custom_site_footer_main":"0","patiotime_single_page_site_footer_hide_above":"","patiotime_single_custom_site_footer_above_source":"","patiotime_single_custom_site_footer_above":"0","patiotime_single_page_site_footer_hide_instagram":"","patiotime_single_page_site_footer_hide_bottom":"","patiotime_single_custom_mobile_menu_source":"","patiotime_single_custom_mobile_menu":"0","patiotime_single_custom_mobile_menu_animation":"","patiotime_single_custom_mobile_menu_width":"","patiotime_single_custom_mobile_menu_custom_width":375,"footnotes":""},"class_list":["post-6465","page","type-page","status-publish","hentry"],"yoast_head":"<!-- This site is optimized with the Yoast SEO plugin v21.6 - https:\/\/yoast.com\/wordpress\/plugins\/seo\/ -->\n<title>Mentions L\u00e9gales - Les cr\u00eapes \u00e0 gogo<\/title>\n<meta name=\"robots\" content=\"index, follow, max-snippet:-1, max-image-preview:large, max-video-preview:-1\" \/>\n<link rel=\"canonical\" href=\"https:\/\/www.crepes-a-gogo.fr\/en\/mentions-legales\/\" \/>\n<meta property=\"og:locale\" content=\"en_US\" \/>\n<meta property=\"og:type\" content=\"article\" \/>\n<meta property=\"og:title\" content=\"Mentions L\u00e9gales - Les cr\u00eapes \u00e0 gogo\" \/>\n<meta property=\"og:description\" content=\"Mentions L\u00e9gales 1. Pr\u00e9sentation du site SA &#8211; Les cr\u00eapes \u00e0 GogoSIRET : 91303047400013SIREN : 913030474RCS : Grenoble B 913 030 474 Adresse : 118, avenue de la Muzelle\u00a0 &#8211; 38860 LES DEUX-ALPEST\u00e9l. : +33 (0)4 76 79 29 61Mail : contact@crepes-a-gogo.fr Responsable publication : M Ugo MOUNIERLe responsable publication est une personne physique ou ...\" \/>\n<meta property=\"og:url\" content=\"https:\/\/www.crepes-a-gogo.fr\/en\/mentions-legales\/\" \/>\n<meta property=\"og:site_name\" content=\"Les cr\u00eapes \u00e0 gogo\" \/>\n<meta property=\"article:modified_time\" content=\"2023-11-21T17:20:35+00:00\" \/>\n<meta name=\"twitter:card\" content=\"summary_large_image\" \/>\n<meta name=\"twitter:label1\" content=\"Est. reading time\" \/>\n\t<meta name=\"twitter:data1\" content=\"4 minutes\" \/>\n<script type=\"application\/ld+json\" class=\"yoast-schema-graph\">{\"@context\":\"https:\/\/schema.org\",\"@graph\":[{\"@type\":\"WebPage\",\"@id\":\"https:\/\/www.crepes-a-gogo.fr\/mentions-legales\/\",\"url\":\"https:\/\/www.crepes-a-gogo.fr\/mentions-legales\/\",\"name\":\"Mentions L\u00e9gales - Les cr\u00eapes \u00e0 gogo\",\"isPartOf\":{\"@id\":\"https:\/\/www.crepes-a-gogo.fr\/#website\"},\"datePublished\":\"2023-09-25T07:26:56+00:00\",\"dateModified\":\"2023-11-21T17:20:35+00:00\",\"breadcrumb\":{\"@id\":\"https:\/\/www.crepes-a-gogo.fr\/mentions-legales\/#breadcrumb\"},\"inLanguage\":\"en-US\",\"potentialAction\":[{\"@type\":\"ReadAction\",\"target\":[\"https:\/\/www.crepes-a-gogo.fr\/mentions-legales\/\"]}]},{\"@type\":\"BreadcrumbList\",\"@id\":\"https:\/\/www.crepes-a-gogo.fr\/mentions-legales\/#breadcrumb\",\"itemListElement\":[{\"@type\":\"ListItem\",\"position\":1,\"name\":\"Accueil\",\"item\":\"https:\/\/www.crepes-a-gogo.fr\/\"},{\"@type\":\"ListItem\",\"position\":2,\"name\":\"Mentions L\u00e9gales\"}]},{\"@type\":\"WebSite\",\"@id\":\"https:\/\/www.crepes-a-gogo.fr\/#website\",\"url\":\"https:\/\/www.crepes-a-gogo.fr\/\",\"name\":\"Les cr\u00eapes \u00e0 gogo\",\"description\":\"Cr\u00eaperie Aux 2 Alpes\",\"publisher\":{\"@id\":\"https:\/\/www.crepes-a-gogo.fr\/#organization\"},\"potentialAction\":[{\"@type\":\"SearchAction\",\"target\":{\"@type\":\"EntryPoint\",\"urlTemplate\":\"https:\/\/www.crepes-a-gogo.fr\/?s={search_term_string}\"},\"query-input\":\"required name=search_term_string\"}],\"inLanguage\":\"en-US\"},{\"@type\":\"Organization\",\"@id\":\"https:\/\/www.crepes-a-gogo.fr\/#organization\",\"name\":\"Les cr\u00eapes \u00e0 gogo\",\"url\":\"https:\/\/www.crepes-a-gogo.fr\/\",\"logo\":{\"@type\":\"ImageObject\",\"inLanguage\":\"en-US\",\"@id\":\"https:\/\/www.crepes-a-gogo.fr\/#\/schema\/logo\/image\/\",\"url\":\"https:\/\/www.crepes-a-gogo.fr\/wp-content\/uploads\/2023\/09\/logo-crepes-a-gogo-white.png\",\"contentUrl\":\"https:\/\/www.crepes-a-gogo.fr\/wp-content\/uploads\/2023\/09\/logo-crepes-a-gogo-white.png\",\"width\":300,\"height\":166,\"caption\":\"Les cr\u00eapes \u00e0 gogo\"},\"image\":{\"@id\":\"https:\/\/www.crepes-a-gogo.fr\/#\/schema\/logo\/image\/\"}}]}<\/script>\n<!-- \/ Yoast SEO plugin. -->","yoast_head_json":{"title":"Mentions L\u00e9gales - Les cr\u00eapes \u00e0 gogo","robots":{"index":"index","follow":"follow","max-snippet":"max-snippet:-1","max-image-preview":"max-image-preview:large","max-video-preview":"max-video-preview:-1"},"canonical":"https:\/\/www.crepes-a-gogo.fr\/en\/mentions-legales\/","og_locale":"en_US","og_type":"article","og_title":"Mentions L\u00e9gales - Les cr\u00eapes \u00e0 gogo","og_description":"Mentions L\u00e9gales 1. Pr\u00e9sentation du site SA &#8211; Les cr\u00eapes \u00e0 GogoSIRET : 91303047400013SIREN : 913030474RCS : Grenoble B 913 030 474 Adresse : 118, avenue de la Muzelle\u00a0 &#8211; 38860 LES DEUX-ALPEST\u00e9l. : +33 (0)4 76 79 29 61Mail : contact@crepes-a-gogo.fr Responsable publication : M Ugo MOUNIERLe responsable publication est une personne physique ou ...","og_url":"https:\/\/www.crepes-a-gogo.fr\/en\/mentions-legales\/","og_site_name":"Les cr\u00eapes \u00e0 gogo","article_modified_time":"2023-11-21T17:20:35+00:00","twitter_card":"summary_large_image","twitter_misc":{"Est. reading time":"4 minutes"},"schema":{"@context":"https:\/\/schema.org","@graph":[{"@type":"WebPage","@id":"https:\/\/www.crepes-a-gogo.fr\/mentions-legales\/","url":"https:\/\/www.crepes-a-gogo.fr\/mentions-legales\/","name":"Mentions L\u00e9gales - Les cr\u00eapes \u00e0 gogo","isPartOf":{"@id":"https:\/\/www.crepes-a-gogo.fr\/#website"},"datePublished":"2023-09-25T07:26:56+00:00","dateModified":"2023-11-21T17:20:35+00:00","breadcrumb":{"@id":"https:\/\/www.crepes-a-gogo.fr\/mentions-legales\/#breadcrumb"},"inLanguage":"en-US","potentialAction":[{"@type":"ReadAction","target":["https:\/\/www.crepes-a-gogo.fr\/mentions-legales\/"]}]},{"@type":"BreadcrumbList","@id":"https:\/\/www.crepes-a-gogo.fr\/mentions-legales\/#breadcrumb","itemListElement":[{"@type":"ListItem","position":1,"name":"Accueil","item":"https:\/\/www.crepes-a-gogo.fr\/"},{"@type":"ListItem","position":2,"name":"Mentions L\u00e9gales"}]},{"@type":"WebSite","@id":"https:\/\/www.crepes-a-gogo.fr\/#website","url":"https:\/\/www.crepes-a-gogo.fr\/","name":"Les cr\u00eapes \u00e0 gogo","description":"Cr\u00eaperie Aux 2 Alpes","publisher":{"@id":"https:\/\/www.crepes-a-gogo.fr\/#organization"},"potentialAction":[{"@type":"SearchAction","target":{"@type":"EntryPoint","urlTemplate":"https:\/\/www.crepes-a-gogo.fr\/?s={search_term_string}"},"query-input":"required name=search_term_string"}],"inLanguage":"en-US"},{"@type":"Organization","@id":"https:\/\/www.crepes-a-gogo.fr\/#organization","name":"Les cr\u00eapes \u00e0 gogo","url":"https:\/\/www.crepes-a-gogo.fr\/","logo":{"@type":"ImageObject","inLanguage":"en-US","@id":"https:\/\/www.crepes-a-gogo.fr\/#\/schema\/logo\/image\/","url":"https:\/\/www.crepes-a-gogo.fr\/wp-content\/uploads\/2023\/09\/logo-crepes-a-gogo-white.png","contentUrl":"https:\/\/www.crepes-a-gogo.fr\/wp-content\/uploads\/2023\/09\/logo-crepes-a-gogo-white.png","width":300,"height":166,"caption":"Les cr\u00eapes \u00e0 gogo"},"image":{"@id":"https:\/\/www.crepes-a-gogo.fr\/#\/schema\/logo\/image\/"}}]}},"_links":{"self":[{"href":"https:\/\/www.crepes-a-gogo.fr\/en\/wp-json\/wp\/v2\/pages\/6465","targetHints":{"allow":["GET"]}}],"collection":[{"href":"https:\/\/www.crepes-a-gogo.fr\/en\/wp-json\/wp\/v2\/pages"}],"about":[{"href":"https:\/\/www.crepes-a-gogo.fr\/en\/wp-json\/wp\/v2\/types\/page"}],"author":[{"embeddable":true,"href":"https:\/\/www.crepes-a-gogo.fr\/en\/wp-json\/wp\/v2\/users\/1"}],"replies":[{"embeddable":true,"href":"https:\/\/www.crepes-a-gogo.fr\/en\/wp-json\/wp\/v2\/comments?post=6465"}],"version-history":[{"count":13,"href":"https:\/\/www.crepes-a-gogo.fr\/en\/wp-json\/wp\/v2\/pages\/6465\/revisions"}],"predecessor-version":[{"id":9089,"href":"https:\/\/www.crepes-a-gogo.fr\/en\/wp-json\/wp\/v2\/pages\/6465\/revisions\/9089"}],"wp:attachment":[{"href":"https:\/\/www.crepes-a-gogo.fr\/en\/wp-json\/wp\/v2\/media?parent=6465"}],"curies":[{"name":"wp","href":"https:\/\/api.w.org\/{rel}","templated":true}]}}